{"id":193,"date":"2025-06-13T15:08:58","date_gmt":"2025-06-13T15:08:58","guid":{"rendered":"https:\/\/clinicadolorcoruna.es\/?page_id=193"},"modified":"2025-08-05T13:57:14","modified_gmt":"2025-08-05T13:57:14","slug":"contacto","status":"publish","type":"page","link":"https:\/\/clinicadolorcoruna.es\/en\/contacto\/","title":{"rendered":"Contacto"},"content":{"rendered":"<div data-elementor-type=\"wp-page\" data-elementor-id=\"193\" class=\"elementor elementor-193\" data-elementor-post-type=\"page\">\n\t\t\t\t<div class=\"elementor-element elementor-element-49929440 e-flex e-con-boxed e-con e-parent\" data-id=\"49929440\" data-element_type=\"container\" data-e-type=\"container\" data-settings=\"{&quot;background_background&quot;:&quot;classic&quot;}\">\n\t\t\t\t\t<div class=\"e-con-inner\">\n\t\t\t\t<div class=\"elementor-element elementor-element-13c7940b elementor-invisible elementor-widget elementor-widget-heading\" data-id=\"13c7940b\" data-element_type=\"widget\" data-e-type=\"widget\" data-settings=\"{&quot;_animation&quot;:&quot;fadeInUp&quot;,&quot;_animation_delay&quot;:300}\" data-widget_type=\"heading.default\">\n\t\t\t\t<div class=\"elementor-widget-container\">\n\t\t\t\t\t<h2 class=\"elementor-heading-title elementor-size-default\">Contacto<\/h2>\t\t\t\t<\/div>\n\t\t\t\t<\/div>\n\t\t\t\t<div class=\"elementor-element elementor-element-152eb49c elementor-widget__width-initial elementor-invisible elementor-widget elementor-widget-text-editor\" data-id=\"152eb49c\" data-element_type=\"widget\" data-e-type=\"widget\" data-settings=\"{&quot;_animation&quot;:&quot;fadeInUp&quot;,&quot;_animation_delay&quot;:400}\" data-widget_type=\"text-editor.default\">\n\t\t\t\t<div class=\"elementor-widget-container\">\n\t\t\t\t\t\t\t\t\tCl\u00ednica del Dolor &#8211; Dr. Enrique Freire Vila\t\t\t\t\t\t\t\t<\/div>\n\t\t\t\t<\/div>\n\t\t\t\t<div class=\"elementor-element elementor-element-7f4b0961 elementor-widget__width-initial elementor-invisible elementor-widget elementor-widget-text-editor\" data-id=\"7f4b0961\" data-element_type=\"widget\" data-e-type=\"widget\" data-settings=\"{&quot;_animation&quot;:&quot;fadeInUp&quot;,&quot;_animation_delay&quot;:400}\" data-widget_type=\"text-editor.default\">\n\t\t\t\t<div class=\"elementor-widget-container\">\n\t\t\t\t\t\t\t\t\tEspecialista en Tratamiento del Dolor en Coru\u00f1a\t\t\t\t\t\t\t\t<\/div>\n\t\t\t\t<\/div>\n\t\t\t\t\t<\/div>\n\t\t\t\t<\/div>\n\t\t<div class=\"elementor-element elementor-element-b802892 e-flex e-con-boxed e-con e-parent\" data-id=\"b802892\" data-element_type=\"container\" data-e-type=\"container\">\n\t\t\t\t\t<div class=\"e-con-inner\">\n\t\t<div class=\"elementor-element elementor-element-fcddeb4 e-con-full e-flex e-con e-child\" data-id=\"fcddeb4\" data-element_type=\"container\" data-e-type=\"container\">\n\t\t\t\t<div class=\"elementor-element elementor-element-5c9a1d6 elementor-widget__width-initial elementor-icon-list--layout-traditional elementor-list-item-link-full_width elementor-widget elementor-widget-icon-list\" data-id=\"5c9a1d6\" data-element_type=\"widget\" data-e-type=\"widget\" data-widget_type=\"icon-list.default\">\n\t\t\t\t<div class=\"elementor-widget-container\">\n\t\t\t\t\t\t\t<ul class=\"elementor-icon-list-items\">\n\t\t\t\t\t\t\t<li class=\"elementor-icon-list-item\">\n\t\t\t\t\t\t\t\t\t\t\t<a href=\"tel:+34634934012\">\n\n\t\t\t\t\t\t\t\t\t\t\t\t<span class=\"elementor-icon-list-icon\">\n\t\t\t\t\t\t\t<svg xmlns=\"http:\/\/www.w3.org\/2000\/svg\" width=\"40\" height=\"40\" viewbox=\"0 0 40 40\" fill=\"none\"><circle cx=\"20\" cy=\"20\" r=\"20\" fill=\"#479CB1\"><\/circle><g clip-path=\"url(#clip0_2011_3)\"><path d=\"M31.4034 25.3625C31.3368 25.3097 26.5 21.8232 25.1724 22.0735C24.5386 22.1856 24.1763 22.6179 23.4491 23.4832C23.3321 23.6229 23.0509 23.9577 22.8324 24.1957C22.3728 24.0459 21.9245 23.8634 21.4909 23.6498C19.2529 22.5602 17.4447 20.752 16.3551 18.5139C16.1413 18.0804 15.9589 17.6321 15.8091 17.1725C16.048 16.9531 16.3827 16.672 16.5258 16.5517C17.387 15.8286 17.8201 15.4662 17.9322 14.8309C18.1621 13.5146 14.6781 8.6445 14.6416 8.60063C14.4835 8.37481 14.2772 8.18695 14.0376 8.05065C13.798 7.91434 13.5311 7.833 13.2562 7.8125C11.8441 7.8125 7.8125 13.0426 7.8125 13.9233C7.8125 13.9745 7.88644 19.1777 14.3028 25.7046C20.8231 32.1136 26.0255 32.1875 26.0767 32.1875C26.9583 32.1875 32.1875 28.1559 32.1875 26.7437C32.1672 26.4698 32.0864 26.2038 31.9508 25.965C31.8152 25.7261 31.6282 25.5203 31.4034 25.3625Z\" fill=\"white\"><\/path><\/g><defs><clippath id=\"clip0_2011_3\"><rect width=\"26\" height=\"26\" fill=\"white\" transform=\"translate(7 7)\"><\/rect><\/clippath><\/defs><\/svg>\t\t\t\t\t\t<\/span>\n\t\t\t\t\t\t\t\t\t\t<span class=\"elementor-icon-list-text\"><b>Tel\u00e9fono:<\/b> 634 934 012<\/span>\n\t\t\t\t\t\t\t\t\t\t\t<\/a>\n\t\t\t\t\t\t\t\t\t<\/li>\n\t\t\t\t\t\t\t\t<li class=\"elementor-icon-list-item\">\n\t\t\t\t\t\t\t\t\t\t\t<a href=\"https:\/\/wa.link\/b2f2mt\">\n\n\t\t\t\t\t\t\t\t\t\t\t\t<span class=\"elementor-icon-list-icon\">\n\t\t\t\t\t\t\t<svg aria-hidden=\"true\" class=\"e-font-icon-svg e-fab-whatsapp-square\" viewbox=\"0 0 448 512\" xmlns=\"http:\/\/www.w3.org\/2000\/svg\"><path d=\"M224 122.8c-72.7 0-131.8 59.1-131.9 131.8 0 24.9 7 49.2 20.2 70.1l3.1 5-13.3 48.6 49.9-13.1 4.8 2.9c20.2 12 43.4 18.4 67.1 18.4h.1c72.6 0 133.3-59.1 133.3-131.8 0-35.2-15.2-68.3-40.1-93.2-25-25-58-38.7-93.2-38.7zm77.5 188.4c-3.3 9.3-19.1 17.7-26.7 18.8-12.6 1.9-22.4.9-47.5-9.9-39.7-17.2-65.7-57.2-67.7-59.8-2-2.6-16.2-21.5-16.2-41s10.2-29.1 13.9-33.1c3.6-4 7.9-5 10.6-5 2.6 0 5.3 0 7.6.1 2.4.1 5.7-.9 8.9 6.8 3.3 7.9 11.2 27.4 12.2 29.4s1.7 4.3.3 6.9c-7.6 15.2-15.7 14.6-11.6 21.6 15.3 26.3 30.6 35.4 53.9 47.1 4 2 6.3 1.7 8.6-1 2.3-2.6 9.9-11.6 12.5-15.5 2.6-4 5.3-3.3 8.9-2 3.6 1.3 23.1 10.9 27.1 12.9s6.6 3 7.6 4.6c.9 1.9.9 9.9-2.4 19.1zM400 32H48C21.5 32 0 53.5 0 80v352c0 26.5 21.5 48 48 48h352c26.5 0 48-21.5 48-48V80c0-26.5-21.5-48-48-48zM223.9 413.2c-26.6 0-52.7-6.7-75.8-19.3L64 416l22.5-82.2c-13.9-24-21.2-51.3-21.2-79.3C65.4 167.1 136.5 96 223.9 96c42.4 0 82.2 16.5 112.2 46.5 29.9 30 47.9 69.8 47.9 112.2 0 87.4-72.7 158.5-160.1 158.5z\"><\/path><\/svg>\t\t\t\t\t\t<\/span>\n\t\t\t\t\t\t\t\t\t\t<span class=\"elementor-icon-list-text\"><b>WhatsApp:<\/b> +34 634 934 012<\/span>\n\t\t\t\t\t\t\t\t\t\t\t<\/a>\n\t\t\t\t\t\t\t\t\t<\/li>\n\t\t\t\t\t\t\t\t<li class=\"elementor-icon-list-item\">\n\t\t\t\t\t\t\t\t\t\t\t<a href=\"mailto:info@clinicadolorcoruna.es\">\n\n\t\t\t\t\t\t\t\t\t\t\t\t<span class=\"elementor-icon-list-icon\">\n\t\t\t\t\t\t\t<svg xmlns=\"http:\/\/www.w3.org\/2000\/svg\" width=\"40\" height=\"40\" viewbox=\"0 0 40 40\" fill=\"none\"><circle cx=\"20\" cy=\"20\" r=\"20\" fill=\"#479CB1\"><\/circle><g clip-path=\"url(#clip0_2011_4)\"><path d=\"M32.771 11.1655L24.8857 19L32.771 26.8345C32.9135 26.5366 33 26.2072 33 25.8555V12.1445C33 11.7928 32.9135 11.4635 32.771 11.1655Z\" fill=\"white\"><\/path><path d=\"M30.7144 9.85938H9.28468C8.93291 9.85938 8.6036 9.94586 8.30566 10.0884L18.3839 20.1158C19.275 21.0069 20.7241 21.0069 21.6152 20.1158L31.6934 10.0884C31.3954 9.94586 31.0661 9.85938 30.7144 9.85938Z\" fill=\"white\"><\/path><path d=\"M7.22902 11.1655C7.08648 11.4635 7 11.7928 7 12.1445V25.8555C7 26.2072 7.08648 26.5366 7.22902 26.8345L15.1143 19L7.22902 11.1655Z\" fill=\"white\"><\/path><path d=\"M23.8081 20.0771L22.6923 21.193C21.2075 22.6778 18.7915 22.6778 17.3067 21.193L16.1909 20.0771L8.30566 27.9116C8.6036 28.0542 8.93291 28.1407 9.28468 28.1407H30.7144C31.0661 28.1407 31.3954 28.0542 31.6934 27.9116L23.8081 20.0771Z\" fill=\"white\"><\/path><\/g><defs><clippath id=\"clip0_2011_4\"><rect width=\"26\" height=\"26\" fill=\"white\" transform=\"translate(7 6)\"><\/rect><\/clippath><\/defs><\/svg>\t\t\t\t\t\t<\/span>\n\t\t\t\t\t\t\t\t\t\t<span class=\"elementor-icon-list-text\"><b>Correo electr\u00f3nico:<\/b> info@clinicadolorcoruna.es<\/span>\n\t\t\t\t\t\t\t\t\t\t\t<\/a>\n\t\t\t\t\t\t\t\t\t<\/li>\n\t\t\t\t\t\t\t\t<li class=\"elementor-icon-list-item\">\n\t\t\t\t\t\t\t\t\t\t\t<span class=\"elementor-icon-list-icon\">\n\t\t\t\t\t\t\t<svg xmlns=\"http:\/\/www.w3.org\/2000\/svg\" width=\"40\" height=\"40\" viewbox=\"0 0 40 40\" fill=\"none\"><circle cx=\"20\" cy=\"20\" r=\"20\" fill=\"#479CB1\"><\/circle><path d=\"M20 8C15.038 8 11 12.066 11 17.065C11 24.168 19.154 31.502 19.501 31.81C19.644 31.937 19.822 32 20 32C20.178 32 20.356 31.937 20.499 31.811C20.846 31.502 29 24.168 29 17.065C29 12.066 24.962 8 20 8ZM20 22C17.243 22 15 19.757 15 17C15 14.243 17.243 12 20 12C22.757 12 25 14.243 25 17C25 19.757 22.757 22 20 22Z\" fill=\"white\"><\/path><\/svg>\t\t\t\t\t\t<\/span>\n\t\t\t\t\t\t\t\t\t\t<span class=\"elementor-icon-list-text\"><b>Direcci\u00f3n:<\/b>  Calle Federico Garc\u00eda N\u00b04 bajo, Matogrande, A Coru\u00f1a 15009 en A Coru\u00f1a Espa\u00f1a.<\/span>\n\t\t\t\t\t\t\t\t\t<\/li>\n\t\t\t\t\t\t<\/ul>\n\t\t\t\t\t\t<\/div>\n\t\t\t\t<\/div>\n\t\t\t\t<\/div>\n\t\t<div class=\"elementor-element elementor-element-eed765b e-con-full e-flex e-con e-child\" data-id=\"eed765b\" data-element_type=\"container\" data-e-type=\"container\">\n\t\t\t\t<div class=\"elementor-element elementor-element-2049805 elementor-widget__width-initial elementor-invisible elementor-widget elementor-widget-heading\" data-id=\"2049805\" data-element_type=\"widget\" data-e-type=\"widget\" data-settings=\"{&quot;_animation&quot;:&quot;fadeInUp&quot;,&quot;_animation_delay&quot;:300}\" data-widget_type=\"heading.default\">\n\t\t\t\t<div class=\"elementor-widget-container\">\n\t\t\t\t\t<h2 class=\"elementor-heading-title elementor-size-default\">Horario de atenci\u00f3n:<\/h2>\t\t\t\t<\/div>\n\t\t\t\t<\/div>\n\t\t\t\t<div class=\"elementor-element elementor-element-5ee1803 elementor-widget__width-initial elementor-icon-list--layout-traditional elementor-list-item-link-full_width elementor-widget elementor-widget-icon-list\" data-id=\"5ee1803\" data-element_type=\"widget\" data-e-type=\"widget\" data-widget_type=\"icon-list.default\">\n\t\t\t\t<div class=\"elementor-widget-container\">\n\t\t\t\t\t\t\t<ul class=\"elementor-icon-list-items\">\n\t\t\t\t\t\t\t<li class=\"elementor-icon-list-item\">\n\t\t\t\t\t\t\t\t\t\t<span class=\"elementor-icon-list-text\"><b>Martes:<\/b> 17:00 PM - 20:00 PM<\/span>\n\t\t\t\t\t\t\t\t\t<\/li>\n\t\t\t\t\t\t\t\t<li class=\"elementor-icon-list-item\">\n\t\t\t\t\t\t\t\t\t\t<span class=\"elementor-icon-list-text\"><b>Seg\u00fan citas:<\/b> Consultar por horas y d\u00edas disponibles.<\/span>\n\t\t\t\t\t\t\t\t\t<\/li>\n\t\t\t\t\t\t\t\t<li class=\"elementor-icon-list-item\">\n\t\t\t\t\t\t\t\t\t\t<span class=\"elementor-icon-list-text\"><b>S\u00e1bado y Domingo: Cerrado<\/b><\/span>\n\t\t\t\t\t\t\t\t\t<\/li>\n\t\t\t\t\t\t<\/ul>\n\t\t\t\t\t\t<\/div>\n\t\t\t\t<\/div>\n\t\t\t\t<\/div>\n\t\t\t\t\t<\/div>\n\t\t\t\t<\/div>\n\t\t<div class=\"elementor-element elementor-element-55056ac e-flex e-con-boxed e-con e-parent\" data-id=\"55056ac\" data-element_type=\"container\" data-e-type=\"container\">\n\t\t\t\t\t<div class=\"e-con-inner\">\n\t\t\t\t<div class=\"elementor-element elementor-element-a0826a4 elementor-invisible elementor-widget elementor-widget-heading\" data-id=\"a0826a4\" data-element_type=\"widget\" data-e-type=\"widget\" data-settings=\"{&quot;_animation&quot;:&quot;fadeInUp&quot;,&quot;_animation_delay&quot;:300}\" data-widget_type=\"heading.default\">\n\t\t\t\t<div class=\"elementor-widget-container\">\n\t\t\t\t\t<h2 class=\"elementor-heading-title elementor-size-default\">Ribera Salud Assistens: Calle Federico Garc\u00eda N\u00b04 bajo, Matogrande, A Coru\u00f1a 15009 en A Coru\u00f1a Espa\u00f1a.<\/h2>\t\t\t\t<\/div>\n\t\t\t\t<\/div>\n\t\t\t\t<div class=\"elementor-element elementor-element-943cbb3 elementor-invisible elementor-widget elementor-widget-heading\" data-id=\"943cbb3\" data-element_type=\"widget\" data-e-type=\"widget\" data-settings=\"{&quot;_animation&quot;:&quot;fadeInUp&quot;,&quot;_animation_delay&quot;:300}\" data-widget_type=\"heading.default\">\n\t\t\t\t<div class=\"elementor-widget-container\">\n\t\t\t\t\t<h2 class=\"elementor-heading-title elementor-size-default\"><a href=\"https:\/\/www.google.com\/maps?ll=43.339905,-8.40327&#038;z=18&#038;t=m&#038;hl=es-ES&#038;gl=US&#038;mapclient=embed&#038;cid=11828872801324335954\">Enlace Google Maps: Ver aqu\u00ed.<\/a><\/h2>\t\t\t\t<\/div>\n\t\t\t\t<\/div>\n\t\t\t\t<div class=\"elementor-element elementor-element-d100010 elementor-widget elementor-widget-google_maps\" data-id=\"d100010\" data-element_type=\"widget\" data-e-type=\"widget\" data-widget_type=\"google_maps.default\">\n\t\t\t\t<div class=\"elementor-widget-container\">\n\t\t\t\t\t\t\t<div class=\"elementor-custom-embed\">\n\t\t\t<iframe loading=\"lazy\"\n\t\t\t\t\tsrc=\"https:\/\/maps.google.com\/maps?q=Calle%20Federico%20Garc%C3%ADa%20N%C2%B04%20bajo%2C%20Matogrande%2C%20A%20Coru%C3%B1a%2015009%20en%20A%20Coru%C3%B1a%20Espa%C3%B1a&#038;t=m&#038;z=18&#038;output=embed&#038;iwloc=near\"\n\t\t\t\t\ttitle=\"Calle Federico Garc\u00eda N\u00b04 bajo, Matogrande, A Coru\u00f1a 15009 en A Coru\u00f1a Espa\u00f1a\"\n\t\t\t\t\taria-label=\"Calle Federico Garc\u00eda N\u00b04 bajo, Matogrande, A Coru\u00f1a 15009 en A Coru\u00f1a Espa\u00f1a\"\n\t\t\t><\/iframe>\n\t\t<\/div>\n\t\t\t\t\t\t<\/div>\n\t\t\t\t<\/div>\n\t\t\t\t\t<\/div>\n\t\t\t\t<\/div>\n\t\t<div class=\"elementor-element elementor-element-b8c41ea e-flex e-con-boxed e-con e-parent\" data-id=\"b8c41ea\" data-element_type=\"container\" data-e-type=\"container\">\n\t\t\t\t\t<div class=\"e-con-inner\">\n\t\t<div class=\"elementor-element elementor-element-9de8f23 e-con-full e-flex e-con e-child\" data-id=\"9de8f23\" data-element_type=\"container\" data-e-type=\"container\" data-settings=\"{&quot;background_background&quot;:&quot;classic&quot;}\">\n\t\t<div class=\"elementor-element elementor-element-9c33306 e-con-full e-flex e-con e-child\" data-id=\"9c33306\" data-element_type=\"container\" data-e-type=\"container\">\n\t\t\t\t<div class=\"elementor-element elementor-element-23b3dc6 elementor-widget__width-initial elementor-widget elementor-widget-text-editor\" data-id=\"23b3dc6\" data-element_type=\"widget\" data-e-type=\"widget\" id=\"ff\" data-widget_type=\"text-editor.default\">\n\t\t\t\t<div class=\"elementor-widget-container\">\n\t\t\t\t\t\t\t\t\t<strong>Atenci\u00f3n personalizada:<\/strong> El Dr. Enrique Freire Vila se asegura de ofrecer una atenci\u00f3n directa a cada paciente.\n<br><br>\n<strong>Facilidad de citas:<\/strong> Ofrecemos flexibilidad en la programaci\u00f3n de citas y atenci\u00f3n prioritaria a casos urgentes.\t\t\t\t\t\t\t\t<\/div>\n\t\t\t\t<\/div>\n\t\t\t\t<\/div>\n\t\t<div class=\"elementor-element elementor-element-1e0183a e-con-full e-flex e-con e-child\" data-id=\"1e0183a\" data-element_type=\"container\" data-e-type=\"container\" id=\"ff\" data-settings=\"{&quot;background_background&quot;:&quot;classic&quot;}\">\n\t\t\t\t<div class=\"elementor-element elementor-element-9e0eba2 elementor-button-align-stretch elementor-widget elementor-widget-form\" data-id=\"9e0eba2\" data-element_type=\"widget\" data-e-type=\"widget\" data-settings=\"{&quot;step_next_label&quot;:&quot;Siguiente&quot;,&quot;step_previous_label&quot;:&quot;Anterior&quot;,&quot;button_width&quot;:&quot;100&quot;,&quot;step_type&quot;:&quot;number_text&quot;,&quot;step_icon_shape&quot;:&quot;circle&quot;}\" data-widget_type=\"form.default\">\n\t\t\t\t<div class=\"elementor-widget-container\">\n\t\t\t\t\t\t\t<form class=\"elementor-form\" method=\"post\" name=\"contacto\" action=\"\">\n\t\t\t<input type=\"hidden\" name=\"post_id\" value=\"193\"\/>\n\t\t\t<input type=\"hidden\" name=\"form_id\" value=\"9e0eba2\"\/>\n\t\t\t<input type=\"hidden\" name=\"referer_title\" value=\"Contacto\" \/>\n\n\t\t\t\t\t\t\t<input type=\"hidden\" name=\"queried_id\" value=\"193\"\/>\n\t\t\t\n\t\t\t<div class=\"elementor-form-fields-wrapper elementor-labels-\">\n\t\t\t\t\t\t\t\t<div class=\"elementor-field-type-text elementor-field-group elementor-column elementor-field-group-name elementor-col-100 elementor-field-required\">\n\t\t\t\t\t\t\t\t\t\t\t\t<label for=\"form-field-name\" class=\"elementor-field-label elementor-screen-only\">\n\t\t\t\t\t\t\t\tNombre Completo\t\t\t\t\t\t\t<\/label>\n\t\t\t\t\t\t\t\t\t\t\t\t\t\t<input size=\"1\" type=\"text\" name=\"form_fields[name]\" id=\"form-field-name\" class=\"elementor-field elementor-size-sm  elementor-field-textual\" placeholder=\"Nombre Completo\" required=\"required\">\n\t\t\t\t\t\t\t\t\t\t\t<\/div>\n\t\t\t\t\t\t\t\t<div class=\"elementor-field-type-email elementor-field-group elementor-column elementor-field-group-email elementor-col-100 elementor-field-required\">\n\t\t\t\t\t\t\t\t\t\t\t\t<label for=\"form-field-email\" class=\"elementor-field-label elementor-screen-only\">\n\t\t\t\t\t\t\t\tCorreo electr\u00f3nico\t\t\t\t\t\t\t<\/label>\n\t\t\t\t\t\t\t\t\t\t\t\t\t\t<input size=\"1\" type=\"email\" name=\"form_fields[email]\" id=\"form-field-email\" class=\"elementor-field elementor-size-sm  elementor-field-textual\" placeholder=\"Correo electr\u00f3nico\" required=\"required\">\n\t\t\t\t\t\t\t\t\t\t\t<\/div>\n\t\t\t\t\t\t\t\t<div class=\"elementor-field-type-tel elementor-field-group elementor-column elementor-field-group-field_8e2133c elementor-col-100 elementor-field-required\">\n\t\t\t\t\t\t\t\t\t\t\t\t<label for=\"form-field-field_8e2133c\" class=\"elementor-field-label elementor-screen-only\">\n\t\t\t\t\t\t\t\tN\u00famero de Tel\u00e9fono\t\t\t\t\t\t\t<\/label>\n\t\t\t\t\t\t\t\t<input size=\"1\" type=\"tel\" name=\"form_fields[field_8e2133c]\" id=\"form-field-field_8e2133c\" class=\"elementor-field elementor-size-sm  elementor-field-textual\" placeholder=\"N\u00famero de Tel\u00e9fono\" required=\"required\" pattern=\"[0-9()#&amp;+*-=.]+\" title=\"Solo se aceptan n\u00fameros y caracteres de tel\u00e9fono (#,-,*,etc).\">\n\n\t\t\t\t\t\t<\/div>\n\t\t\t\t\t\t\t\t<div class=\"elementor-field-type-select elementor-field-group elementor-column elementor-field-group-field_e3f1940 elementor-col-100 elementor-field-required\">\n\t\t\t\t\t\t\t\t\t\t\t\t<label for=\"form-field-field_e3f1940\" class=\"elementor-field-label elementor-screen-only\">\n\t\t\t\t\t\t\t\tTratamiento interesado\t\t\t\t\t\t\t<\/label>\n\t\t\t\t\t\t\t\t<div class=\"elementor-field elementor-select-wrapper remove-before\">\n\t\t\t<div class=\"select-caret-down-wrapper\">\n\t\t\t\t<svg aria-hidden=\"true\" class=\"e-font-icon-svg e-eicon-caret-down\" viewbox=\"0 0 571.4 571.4\" xmlns=\"http:\/\/www.w3.org\/2000\/svg\"><path d=\"M571 393Q571 407 561 418L311 668Q300 679 286 679T261 668L11 418Q0 407 0 393T11 368 36 357H536Q550 357 561 368T571 393Z\"><\/path><\/svg>\t\t\t<\/div>\n\t\t\t<select name=\"form_fields[field_e3f1940]\" id=\"form-field-field_e3f1940\" class=\"elementor-field-textual elementor-size-sm\" required=\"required\">\n\t\t\t\t\t\t\t\t\t<option value=\"Tratamientos interesados\">Tratamientos interesados<\/option>\n\t\t\t\t\t\t\t\t\t<option value=\"Bloqueos epidurales\">Bloqueos epidurales<\/option>\n\t\t\t\t\t\t\t\t\t<option value=\"Radiofrecuencia para raquis\">Radiofrecuencia para raquis<\/option>\n\t\t\t\t\t\t\t\t\t<option value=\"Abordaje del DIV\">Abordaje del DIV<\/option>\n\t\t\t\t\t\t\t\t\t<option value=\"Bloqueos nerviosos\">Bloqueos nerviosos<\/option>\n\t\t\t\t\t\t\t\t\t<option value=\"PRP\">PRP<\/option>\n\t\t\t\t\t\t\t\t\t<option value=\"Radiofrecuencia\">Radiofrecuencia<\/option>\n\t\t\t\t\t\t\t\t\t<option value=\"Estimulaci\u00f3n Medular\">Estimulaci\u00f3n Medular<\/option>\n\t\t\t\t\t\t\t\t\t<option value=\"Otro\">Otro<\/option>\n\t\t\t\t\t\t\t\t\t<option value=\"\"><\/option>\n\t\t\t\t\t\t\t<\/select>\n\t\t<\/div>\n\t\t\t\t\t\t<\/div>\n\t\t\t\t\t\t\t\t<div class=\"elementor-field-type-textarea elementor-field-group elementor-column elementor-field-group-message elementor-col-100\">\n\t\t\t\t\t\t\t\t\t\t\t\t<label for=\"form-field-message\" class=\"elementor-field-label elementor-screen-only\">\n\t\t\t\t\t\t\t\tIndique tipo de dolencia y particularidades de forma breve\t\t\t\t\t\t\t<\/label>\n\t\t\t\t\t\t<textarea class=\"elementor-field-textual elementor-field  elementor-size-sm\" name=\"form_fields[message]\" id=\"form-field-message\" rows=\"4\" placeholder=\"Indique tipo de dolencia y particularidades de forma breve\"><\/textarea>\t\t\t\t<\/div>\n\t\t\t\t\t\t\t\t<div class=\"elementor-field-type-html elementor-field-group elementor-column elementor-field-group-field_bda95ba elementor-col-100\">\n\t\t\t\t\tNos pondremos en contacto contigo lo antes posible. Si prefieres hablar directamente, <b><a href=\"tel:+34634 934012\">ll\u00e1manos al 634 934 012.<\/a><\/b>\t\t\t\t<\/div>\n\t\t\t\t\t\t\t\t<div class=\"elementor-field-type-acceptance elementor-field-group elementor-column elementor-field-group-field_4a3234d elementor-col-100 elementor-field-required\">\n\t\t\t\t\t\t\t<div class=\"elementor-field-subgroup\">\n\t\t\t<span class=\"elementor-field-option\">\n\t\t\t\t<input type=\"checkbox\" name=\"form_fields[field_4a3234d]\" id=\"form-field-field_4a3234d\" class=\"elementor-field elementor-size-sm  elementor-acceptance-field\" required=\"required\">\n\t\t\t\t<label for=\"form-field-field_4a3234d\">He le\u00eddo y acepto la  <a href=\"https:\/\/clinicadolorcoruna.es\/en\/politica-de-privacidad\/\"> pol\u00edtica de privacidad\n<\/a><\/label>\t\t\t<\/span>\n\t\t<\/div>\n\t\t\t\t\t\t<\/div>\n\t\t\t\t\t\t\t\t<div class=\"elementor-field-group elementor-column elementor-field-type-submit elementor-col-100 e-form__buttons\">\n\t\t\t\t\t<button class=\"elementor-button elementor-size-sm\" type=\"submit\">\n\t\t\t\t\t\t<span class=\"elementor-button-content-wrapper\">\n\t\t\t\t\t\t\t\t\t\t\t\t\t\t\t\t\t\t\t\t\t\t<span class=\"elementor-button-text\">Enviar<\/span>\n\t\t\t\t\t\t\t\t\t\t\t\t\t<\/span>\n\t\t\t\t\t<\/button>\n\t\t\t\t<\/div>\n\t\t\t<\/div>\n\t\t<input type=\"hidden\" name=\"trp-form-language\" value=\"en\"\/><\/form>\n\t\t\t\t\t\t<\/div>\n\t\t\t\t<\/div>\n\t\t\t\t<div class=\"elementor-element elementor-element-788717a elementor-widget elementor-widget-text-editor\" data-id=\"788717a\" data-element_type=\"widget\" data-e-type=\"widget\" data-widget_type=\"text-editor.default\">\n\t\t\t\t<div class=\"elementor-widget-container\">\n\t\t\t\t\t\t\t\t\tUNIDAD DE INTERVENCIONISMO PERCUTANEO &#038; DOLOR CR\u00d3NICO, SLU te informa que los datos de car\u00e1cter personal que nos proporciones rellenando el presente formulario ser\u00e1n tratados por UNIDAD DE INTERVENCIONISMO PERCUTANEO &#038; DOLOR CR\u00d3NICO, SLU como responsable de esta web. La finalidad de la recogida y tratamiento de los datos personales que te solicitamos es para gestionar el env\u00edo de la informaci\u00f3n solicitada, la gesti\u00f3n de suscripciones y la moderaci\u00f3n de comentarios del blog. Legitimaci\u00f3n: al marcar la casilla de aceptaci\u00f3n, est\u00e1s dando tu consentimiento para que tus datos sean tratados conforme a las finalidades de este formulario descritas en la pol\u00edtica de privacidad. Derechos: podr\u00e1s ejercer tus derechos de acceso, rectificaci\u00f3n, supresi\u00f3n y oposici\u00f3n, limitaci\u00f3n del tratamiento y portabilidad de datos en info@clinicadolorcoruna.es, as\u00ed como el derecho a presentar una reclamaci\u00f3n ante una autoridad de control.\t\t\t\t\t\t\t\t<\/div>\n\t\t\t\t<\/div>\n\t\t\t\t<\/div>\n\t\t\t\t<\/div>\n\t\t\t\t\t<\/div>\n\t\t\t\t<\/div>\n\t\t\t\t<\/div>","protected":false},"excerpt":{"rendered":"<p>Contacto Cl\u00ednica del Dolor &#8211; Dr. Enrique Freire VilaEspecialista en Tratamiento del Dolor en Coru\u00f1a Tel\u00e9fono: 634 934 012 WhatsApp: +34 634 934 012 Correo electr\u00f3nico: info@clinicadolorcoruna.es Direcci\u00f3n: Calle Federico Garc\u00eda N\u00b04 bajo, Matogrande, A Coru\u00f1a 15009 en A Coru\u00f1a Espa\u00f1a. Horario de atenci\u00f3n: Martes: 17:00 PM &#8211; 20:00 PM Seg\u00fan citas: Consultar por horas &hellip; <\/p>\n<p class=\"link-more\"><a href=\"https:\/\/clinicadolorcoruna.es\/en\/contacto\/\" class=\"more-link\">Continue reading<span class=\"screen-reader-text\"> \u00abContacto\u00bb<\/span><\/a><\/p>","protected":false},"author":1,"featured_media":0,"parent":0,"menu_order":0,"comment_status":"closed","ping_status":"closed","template":"elementor_header_footer","meta":{"_joinchat":[],"footnotes":""},"class_list":["post-193","page","type-page","status-publish","hentry"],"_links":{"self":[{"href":"https:\/\/clinicadolorcoruna.es\/en\/wp-json\/wp\/v2\/pages\/193","targetHints":{"allow":["GET"]}}],"collection":[{"href":"https:\/\/clinicadolorcoruna.es\/en\/wp-json\/wp\/v2\/pages"}],"about":[{"href":"https:\/\/clinicadolorcoruna.es\/en\/wp-json\/wp\/v2\/types\/page"}],"author":[{"embeddable":true,"href":"https:\/\/clinicadolorcoruna.es\/en\/wp-json\/wp\/v2\/users\/1"}],"replies":[{"embeddable":true,"href":"https:\/\/clinicadolorcoruna.es\/en\/wp-json\/wp\/v2\/comments?post=193"}],"version-history":[{"count":94,"href":"https:\/\/clinicadolorcoruna.es\/en\/wp-json\/wp\/v2\/pages\/193\/revisions"}],"predecessor-version":[{"id":603,"href":"https:\/\/clinicadolorcoruna.es\/en\/wp-json\/wp\/v2\/pages\/193\/revisions\/603"}],"wp:attachment":[{"href":"https:\/\/clinicadolorcoruna.es\/en\/wp-json\/wp\/v2\/media?parent=193"}],"curies":[{"name":"wp","href":"https:\/\/api.w.org\/{rel}","templated":true}]}}