{"id":208,"date":"2025-06-13T23:44:08","date_gmt":"2025-06-13T23:44:08","guid":{"rendered":"https:\/\/clinicadolorcoruna.es\/?page_id=208"},"modified":"2025-06-26T13:55:48","modified_gmt":"2025-06-26T13:55:48","slug":"politica-de-privacidad","status":"publish","type":"page","link":"https:\/\/clinicadolorcoruna.es\/en\/politica-de-privacidad\/","title":{"rendered":"Pol\u00edtica de Privacidad"},"content":{"rendered":"<div data-elementor-type=\"wp-page\" data-elementor-id=\"208\" class=\"elementor elementor-208\" data-elementor-post-type=\"page\">\n\t\t\t\t<div class=\"elementor-element elementor-element-7d4c18a e-flex e-con-boxed e-con e-parent\" data-id=\"7d4c18a\" data-element_type=\"container\" data-e-type=\"container\">\n\t\t\t\t\t<div class=\"e-con-inner\">\n\t\t\t\t<div class=\"elementor-element elementor-element-e323215 elementor-widget elementor-widget-heading\" data-id=\"e323215\" data-element_type=\"widget\" data-e-type=\"widget\" data-widget_type=\"heading.default\">\n\t\t\t\t<div class=\"elementor-widget-container\">\n\t\t\t\t\t<h2 class=\"elementor-heading-title elementor-size-default\">POL\u00cdTICA DE PRIVACIDAD \n<\/h2>\t\t\t\t<\/div>\n\t\t\t\t<\/div>\n\t\t\t\t<div class=\"elementor-element elementor-element-3df6c5d elementor-widget elementor-widget-heading\" data-id=\"3df6c5d\" data-element_type=\"widget\" data-e-type=\"widget\" data-widget_type=\"heading.default\">\n\t\t\t\t<div class=\"elementor-widget-container\">\n\t\t\t\t\t<h2 class=\"elementor-heading-title elementor-size-default\">\u00a0\u00daltima actualizaci\u00f3n: 05\/05\/2025<\/h2>\t\t\t\t<\/div>\n\t\t\t\t<\/div>\n\t\t\t\t<div class=\"elementor-element elementor-element-3a5d577 elementor-widget elementor-widget-text-editor\" data-id=\"3a5d577\" data-element_type=\"widget\" data-e-type=\"widget\" data-widget_type=\"text-editor.default\">\n\t\t\t\t<div class=\"elementor-widget-container\">\n\t\t\t\t\t\t\t\t\t<p><b>Responsable del tratamiento:<br \/><\/b><span style=\"font-weight: 400;\">UNIDAD DE INTERVENCIONISMO PERCUTANEO &amp; DOLOR CR\u00d3NICO, SLU<\/span><\/p><p><b>NIF:<\/b><span style=\"font-weight: 400;\"> B70397583<\/span><\/p><p><b>Email:<\/b><span style=\"font-weight: 400;\"> info@clinicadolorcoruna.es<\/span><\/p><p><b>Direcci\u00f3n:<\/b><span style=\"font-weight: 400;\"> C\/ VIZCAYA, 64, 2\u00ba B, 15007, A CORU\u00d1A<\/span><\/p><p><b>Principios aplicados:<\/b><\/p><ul><li style=\"font-weight: 400;\" aria-level=\"1\"><span style=\"font-weight: 400;\">Licitud, lealtad y transparencia<\/span><span style=\"font-weight: 400;\"><br \/><br \/><\/span><\/li><li style=\"font-weight: 400;\" aria-level=\"1\"><span style=\"font-weight: 400;\">Minimizaci\u00f3n de datos<\/span><span style=\"font-weight: 400;\"><br \/><br \/><\/span><\/li><li style=\"font-weight: 400;\" aria-level=\"1\"><span style=\"font-weight: 400;\">Limitaci\u00f3n del plazo de conservaci\u00f3n<\/span><span style=\"font-weight: 400;\"><br \/><br \/><\/span><\/li><li style=\"font-weight: 400;\" aria-level=\"1\"><span style=\"font-weight: 400;\">Integridad y confidencialidad<\/span><span style=\"font-weight: 400;\"><br \/><br \/><\/span><\/li><\/ul><p><b>C\u00f3mo se recogen los datos:<\/b><\/p><ul><li style=\"font-weight: 400;\" aria-level=\"1\"><span style=\"font-weight: 400;\">Formularios de contacto, comentarios, suscripci\u00f3n y solicitud de servicios.<\/span><span style=\"font-weight: 400;\"><br \/><br \/><\/span><\/li><\/ul><p><b>Finalidades del tratamiento:<\/b><\/p><ul><li style=\"font-weight: 400;\" aria-level=\"1\"><span style=\"font-weight: 400;\">Enviar informaci\u00f3n solicitada.<\/span><span style=\"font-weight: 400;\"><br \/><br \/><\/span><\/li><li style=\"font-weight: 400;\" aria-level=\"1\"><span style=\"font-weight: 400;\">Gestionar suscripciones y comentarios.<\/span><span style=\"font-weight: 400;\"><br \/><br \/><\/span><\/li><li style=\"font-weight: 400;\" aria-level=\"1\"><span style=\"font-weight: 400;\">Garantizar el cumplimiento legal.<\/span><span style=\"font-weight: 400;\"><br \/><br \/><\/span><\/li><li style=\"font-weight: 400;\" aria-level=\"1\"><span style=\"font-weight: 400;\">Analizar la navegaci\u00f3n web mediante cookies.<\/span><span style=\"font-weight: 400;\"><br \/><br \/><\/span><\/li><\/ul><p><b>Derechos del usuario:<br \/><\/b><span style=\"font-weight: 400;\">Acceso, rectificaci\u00f3n, supresi\u00f3n, oposici\u00f3n, portabilidad y limitaci\u00f3n. Solicitudes a info@clinicadolorcoruna.es.<\/span><\/p><p><b>Legitimaci\u00f3n:<br \/><\/b><span style=\"font-weight: 400;\">Consentimiento del interesado.<\/span><\/p><p><b>Conservaci\u00f3n de datos:<br \/><\/b><span style=\"font-weight: 400;\">Mientras dure la relaci\u00f3n o no se solicite su supresi\u00f3n. Se eliminar\u00e1n registros inactivos peri\u00f3dicamente.<\/span><\/p><p><b>Cesi\u00f3n a terceros:<br \/><\/b><span style=\"font-weight: 400;\">No se ceder\u00e1n salvo obligaci\u00f3n legal o necesidad operativa. Se utilizan servicios como Google Analytics, Mailchimp, etc.<\/span><\/p><p><b>Remarketing y publicidad:<br \/><\/b><span style=\"font-weight: 400;\">Se utiliza remarketing mediante cookies (Facebook, Google). El usuario puede inhabilitarlas.<\/span><\/p><p><b>Seguridad:<br \/><\/b><span style=\"font-weight: 400;\">Uso de certificado SSL. Se adoptan medidas t\u00e9cnicas para proteger los datos.<\/span><\/p><p><span style=\"font-weight: 400;\">En caso de incidente de seguridad, se notificar\u00e1 al cliente.<\/span><\/p><p><b>Modificaciones:<br \/><\/b><span style=\"font-weight: 400;\">LA EMPRESA podr\u00e1 modificar esta pol\u00edtica conforme a cambios legislativos.<\/span><\/p>\t\t\t\t\t\t\t\t<\/div>\n\t\t\t\t<\/div>\n\t\t\t\t\t<\/div>\n\t\t\t\t<\/div>\n\t\t\t\t<\/div>","protected":false},"excerpt":{"rendered":"<p>POL\u00cdTICA DE PRIVACIDAD \u00a0\u00daltima actualizaci\u00f3n: 05\/05\/2025 Responsable del tratamiento:UNIDAD DE INTERVENCIONISMO PERCUTANEO &amp; DOLOR CR\u00d3NICO, SLU NIF: B70397583 Email: info@clinicadolorcoruna.es Direcci\u00f3n: C\/ VIZCAYA, 64, 2\u00ba B, 15007, A CORU\u00d1A Principios aplicados: Licitud, lealtad y transparencia Minimizaci\u00f3n de datos Limitaci\u00f3n del plazo de conservaci\u00f3n Integridad y confidencialidad C\u00f3mo se recogen los datos: Formularios de contacto, comentarios, &hellip; <\/p>\n<p class=\"link-more\"><a href=\"https:\/\/clinicadolorcoruna.es\/en\/politica-de-privacidad\/\" class=\"more-link\">Continue reading<span class=\"screen-reader-text\"> \u00abPol\u00edtica de Privacidad\u00bb<\/span><\/a><\/p>","protected":false},"author":1,"featured_media":0,"parent":0,"menu_order":0,"comment_status":"closed","ping_status":"closed","template":"elementor_header_footer","meta":{"_joinchat":[],"footnotes":""},"class_list":["post-208","page","type-page","status-publish","hentry"],"_links":{"self":[{"href":"https:\/\/clinicadolorcoruna.es\/en\/wp-json\/wp\/v2\/pages\/208","targetHints":{"allow":["GET"]}}],"collection":[{"href":"https:\/\/clinicadolorcoruna.es\/en\/wp-json\/wp\/v2\/pages"}],"about":[{"href":"https:\/\/clinicadolorcoruna.es\/en\/wp-json\/wp\/v2\/types\/page"}],"author":[{"embeddable":true,"href":"https:\/\/clinicadolorcoruna.es\/en\/wp-json\/wp\/v2\/users\/1"}],"replies":[{"embeddable":true,"href":"https:\/\/clinicadolorcoruna.es\/en\/wp-json\/wp\/v2\/comments?post=208"}],"version-history":[{"count":13,"href":"https:\/\/clinicadolorcoruna.es\/en\/wp-json\/wp\/v2\/pages\/208\/revisions"}],"predecessor-version":[{"id":407,"href":"https:\/\/clinicadolorcoruna.es\/en\/wp-json\/wp\/v2\/pages\/208\/revisions\/407"}],"wp:attachment":[{"href":"https:\/\/clinicadolorcoruna.es\/en\/wp-json\/wp\/v2\/media?parent=208"}],"curies":[{"name":"wp","href":"https:\/\/api.w.org\/{rel}","templated":true}]}}