{"id":217,"date":"2025-06-13T23:48:10","date_gmt":"2025-06-13T23:48:10","guid":{"rendered":"https:\/\/clinicadolorcoruna.es\/?page_id=217"},"modified":"2025-06-26T13:56:39","modified_gmt":"2025-06-26T13:56:39","slug":"politica-de-cookies","status":"publish","type":"page","link":"https:\/\/clinicadolorcoruna.es\/en\/politica-de-cookies\/","title":{"rendered":"Pol\u00edtica de Cookies"},"content":{"rendered":"<div data-elementor-type=\"wp-page\" data-elementor-id=\"217\" class=\"elementor elementor-217\" data-elementor-post-type=\"page\">\n\t\t\t\t<div class=\"elementor-element elementor-element-66a68a4d e-flex e-con-boxed e-con e-parent\" data-id=\"66a68a4d\" data-element_type=\"container\" data-e-type=\"container\">\n\t\t\t\t\t<div class=\"e-con-inner\">\n\t\t\t\t<div class=\"elementor-element elementor-element-3564477b elementor-widget elementor-widget-heading\" data-id=\"3564477b\" data-element_type=\"widget\" data-e-type=\"widget\" data-widget_type=\"heading.default\">\n\t\t\t\t<div class=\"elementor-widget-container\">\n\t\t\t\t\t<h2 class=\"elementor-heading-title elementor-size-default\">Pol\u00edtica de Cookies<\/h2>\t\t\t\t<\/div>\n\t\t\t\t<\/div>\n\t\t\t\t<div class=\"elementor-element elementor-element-541d2523 elementor-widget elementor-widget-heading\" data-id=\"541d2523\" data-element_type=\"widget\" data-e-type=\"widget\" data-widget_type=\"heading.default\">\n\t\t\t\t<div class=\"elementor-widget-container\">\n\t\t\t\t\t<h2 class=\"elementor-heading-title elementor-size-default\">\u00a0\u00daltima actualizaci\u00f3n: 05\/05\/2025<\/h2>\t\t\t\t<\/div>\n\t\t\t\t<\/div>\n\t\t\t\t<div class=\"elementor-element elementor-element-d3d0ddf elementor-widget elementor-widget-text-editor\" data-id=\"d3d0ddf\" data-element_type=\"widget\" data-e-type=\"widget\" data-widget_type=\"text-editor.default\">\n\t\t\t\t<div class=\"elementor-widget-container\">\n\t\t\t\t\t\t\t\t\t<p><b>Mensaje emergente en el sitio web:<br \/><\/b><span style=\"font-weight: 400;\">Esta web utiliza cookies propias y de terceros para recopilar informaci\u00f3n que ayuda a optimizar su visita. Puede permitir su uso, rechazarlo o modificar la configuraci\u00f3n. M\u00e1s informaci\u00f3n en nuestra Pol\u00edtica de Cookies.<\/span><\/p><p><b>Tipos de cookies utilizadas:<\/b><\/p><ul><li style=\"font-weight: 400;\" aria-level=\"1\"><b>T\u00e9cnicas:<\/b><span style=\"font-weight: 400;\"> Necesarias para navegaci\u00f3n, accesos y seguridad.<\/span><span style=\"font-weight: 400;\"><br \/><br \/><\/span><\/li><li style=\"font-weight: 400;\" aria-level=\"1\"><b>De personalizaci\u00f3n:<\/b><span style=\"font-weight: 400;\"> Idioma, navegador, regi\u00f3n.<\/span><span style=\"font-weight: 400;\"><br \/><br \/><\/span><\/li><li style=\"font-weight: 400;\" aria-level=\"1\"><b>De an\u00e1lisis:<\/b><span style=\"font-weight: 400;\"> Para evaluar el comportamiento del usuario.<\/span><span style=\"font-weight: 400;\"><br \/><br \/><\/span><\/li><li style=\"font-weight: 400;\" aria-level=\"1\"><b>Publicitarias:<\/b><span style=\"font-weight: 400;\"> Personalizaci\u00f3n de anuncios.<\/span><span style=\"font-weight: 400;\"><br \/><br \/><\/span><\/li><li style=\"font-weight: 400;\" aria-level=\"1\"><b>Redes sociales:<\/b><span style=\"font-weight: 400;\"> Permiten interacci\u00f3n con plataformas externas.<\/span><span style=\"font-weight: 400;\"><br \/><br \/><\/span><\/li><li style=\"font-weight: 400;\" aria-level=\"1\"><b>Publicidad comportamental:<\/b><span style=\"font-weight: 400;\"> Muestran anuncios seg\u00fan h\u00e1bitos de navegaci\u00f3n.<\/span><span style=\"font-weight: 400;\"><br \/><br \/><\/span><\/li><\/ul><p><b>Cookies de terceros:<br \/><\/b><span style=\"font-weight: 400;\">Google Analytics y otros proveedores para an\u00e1lisis y servicios asociados.<\/span><\/p><p><b>Desactivaci\u00f3n de cookies (enlaces por navegador):<\/b><\/p><ul><li style=\"font-weight: 400;\" aria-level=\"1\"><a href=\"http:\/\/windows.microsoft.com\/es-es\/windows-vista\/Block-or-allow-cookies\"><span style=\"font-weight: 400;\">Internet Explorer\/Edge<\/span><span style=\"font-weight: 400;\"><br \/><br \/><\/span><\/a><\/li><li style=\"font-weight: 400;\" aria-level=\"1\"><a href=\"http:\/\/support.mozilla.org\/es\/kb\/impedir-que-los-sitios-web-guarden-sus-preferencia\"><span style=\"font-weight: 400;\">Firefox<\/span><span style=\"font-weight: 400;\"><br \/><br \/><\/span><\/a><\/li><li style=\"font-weight: 400;\" aria-level=\"1\"><a href=\"https:\/\/support.google.com\/accounts\/answer\/61416?hl=es\"><span style=\"font-weight: 400;\">Chrome<\/span><span style=\"font-weight: 400;\"><br \/><br \/><\/span><\/a><\/li><li style=\"font-weight: 400;\" aria-level=\"1\"><a href=\"http:\/\/safari.helpmax.net\/es\/privacidad-y-seguridad\/como-gestionar-las-cookies\/\"><span style=\"font-weight: 400;\">Safari<\/span><span style=\"font-weight: 400;\"><br \/><br \/><\/span><\/a><\/li><li style=\"font-weight: 400;\" aria-level=\"1\"><a href=\"http:\/\/help.opera.com\/Linux\/10.60\/es-ES\/cookies.html\"><span style=\"font-weight: 400;\">Opera<\/span><span style=\"font-weight: 400;\"><br \/><br \/><\/span><\/a><\/li><li style=\"font-weight: 400;\" aria-level=\"1\"><span style=\"font-weight: 400;\">Tambi\u00e9n se puede usar<\/span><a href=\"https:\/\/www.ghostery.com\/\"> <span style=\"font-weight: 400;\">Ghostery<\/span><\/a><span style=\"font-weight: 400;\"> o<\/span><a href=\"https:\/\/www.youronlinechoices.com\/es\/\"> <span style=\"font-weight: 400;\">Your Online Choices<\/span><span style=\"font-weight: 400;\"><br \/><br \/><\/span><\/a><\/li><\/ul><p><b>Aceptaci\u00f3n de la pol\u00edtica de cookies:<br \/><\/b><span style=\"font-weight: 400;\">clinicadolorcoruna.com asume que aceptas el uso de cookies. Puedes:<\/span><\/p><ul><li style=\"font-weight: 400;\" aria-level=\"1\"><span style=\"font-weight: 400;\">Aceptar cookies<\/span><span style=\"font-weight: 400;\"><br \/><br \/><\/span><\/li><li style=\"font-weight: 400;\" aria-level=\"1\"><span style=\"font-weight: 400;\">Cerrar el aviso<\/span><span style=\"font-weight: 400;\"><br \/><br \/><\/span><\/li><li style=\"font-weight: 400;\" aria-level=\"1\"><span style=\"font-weight: 400;\">Modificar la configuraci\u00f3n<\/span><span style=\"font-weight: 400;\"><br \/><br \/><\/span><\/li><\/ul>\t\t\t\t\t\t\t\t<\/div>\n\t\t\t\t<\/div>\n\t\t\t\t\t<\/div>\n\t\t\t\t<\/div>\n\t\t\t\t<\/div>","protected":false},"excerpt":{"rendered":"<p>Pol\u00edtica de Cookies \u00a0\u00daltima actualizaci\u00f3n: 05\/05\/2025 Mensaje emergente en el sitio web:Esta web utiliza cookies propias y de terceros para recopilar informaci\u00f3n que ayuda a optimizar su visita. Puede permitir su uso, rechazarlo o modificar la configuraci\u00f3n. M\u00e1s informaci\u00f3n en nuestra Pol\u00edtica de Cookies. Tipos de cookies utilizadas: T\u00e9cnicas: Necesarias para navegaci\u00f3n, accesos y seguridad. &hellip; <\/p>\n<p class=\"link-more\"><a href=\"https:\/\/clinicadolorcoruna.es\/en\/politica-de-cookies\/\" class=\"more-link\">Continue reading<span class=\"screen-reader-text\"> \u00abPol\u00edtica de Cookies\u00bb<\/span><\/a><\/p>","protected":false},"author":1,"featured_media":0,"parent":0,"menu_order":0,"comment_status":"closed","ping_status":"closed","template":"elementor_header_footer","meta":{"_joinchat":[],"footnotes":""},"class_list":["post-217","page","type-page","status-publish","hentry"],"_links":{"self":[{"href":"https:\/\/clinicadolorcoruna.es\/en\/wp-json\/wp\/v2\/pages\/217","targetHints":{"allow":["GET"]}}],"collection":[{"href":"https:\/\/clinicadolorcoruna.es\/en\/wp-json\/wp\/v2\/pages"}],"about":[{"href":"https:\/\/clinicadolorcoruna.es\/en\/wp-json\/wp\/v2\/types\/page"}],"author":[{"embeddable":true,"href":"https:\/\/clinicadolorcoruna.es\/en\/wp-json\/wp\/v2\/users\/1"}],"replies":[{"embeddable":true,"href":"https:\/\/clinicadolorcoruna.es\/en\/wp-json\/wp\/v2\/comments?post=217"}],"version-history":[{"count":10,"href":"https:\/\/clinicadolorcoruna.es\/en\/wp-json\/wp\/v2\/pages\/217\/revisions"}],"predecessor-version":[{"id":410,"href":"https:\/\/clinicadolorcoruna.es\/en\/wp-json\/wp\/v2\/pages\/217\/revisions\/410"}],"wp:attachment":[{"href":"https:\/\/clinicadolorcoruna.es\/en\/wp-json\/wp\/v2\/media?parent=217"}],"curies":[{"name":"wp","href":"https:\/\/api.w.org\/{rel}","templated":true}]}}