{"id":223,"date":"2025-06-13T23:50:03","date_gmt":"2025-06-13T23:50:03","guid":{"rendered":"https:\/\/clinicadolorcoruna.es\/?page_id=223"},"modified":"2025-06-26T13:54:35","modified_gmt":"2025-06-26T13:54:35","slug":"aviso-legal","status":"publish","type":"page","link":"https:\/\/clinicadolorcoruna.es\/en\/aviso-legal\/","title":{"rendered":"Aviso Legal"},"content":{"rendered":"<div data-elementor-type=\"wp-page\" data-elementor-id=\"223\" class=\"elementor elementor-223\" data-elementor-post-type=\"page\">\n\t\t\t\t<div class=\"elementor-element elementor-element-5c7ffd52 e-flex e-con-boxed e-con e-parent\" data-id=\"5c7ffd52\" data-element_type=\"container\" data-e-type=\"container\">\n\t\t\t\t\t<div class=\"e-con-inner\">\n\t\t\t\t<div class=\"elementor-element elementor-element-2e79170a elementor-widget elementor-widget-heading\" data-id=\"2e79170a\" data-element_type=\"widget\" data-e-type=\"widget\" data-widget_type=\"heading.default\">\n\t\t\t\t<div class=\"elementor-widget-container\">\n\t\t\t\t\t<h2 class=\"elementor-heading-title elementor-size-default\">Aviso Legal<\/h2>\t\t\t\t<\/div>\n\t\t\t\t<\/div>\n\t\t\t\t<div class=\"elementor-element elementor-element-525c92ed elementor-widget elementor-widget-heading\" data-id=\"525c92ed\" data-element_type=\"widget\" data-e-type=\"widget\" data-widget_type=\"heading.default\">\n\t\t\t\t<div class=\"elementor-widget-container\">\n\t\t\t\t\t<h2 class=\"elementor-heading-title elementor-size-default\">\u00a0\u00daltima actualizaci\u00f3n: 05\/05\/2025<\/h2>\t\t\t\t<\/div>\n\t\t\t\t<\/div>\n\t\t\t\t<div class=\"elementor-element elementor-element-7debbc2f elementor-widget elementor-widget-text-editor\" data-id=\"7debbc2f\" data-element_type=\"widget\" data-e-type=\"widget\" data-widget_type=\"text-editor.default\">\n\t\t\t\t<div class=\"elementor-widget-container\">\n\t\t\t\t\t\t\t\t\t<p><b>Responsable:<\/b><\/p><p><span style=\"font-weight: 400;\">UNIDAD DE INTERVENCIONISMO PERCUTANEO &amp; DOLOR CR\u00d3NICO, SLU<\/span><\/p><p><b>NIF:<\/b><span style=\"font-weight: 400;\"> B70397583<\/span><\/p><p><b>Direcci\u00f3n:<\/b><span style=\"font-weight: 400;\"> C\/ VIZCAYA, 64, 2\u00ba B, 15007, A CORU\u00d1A<\/span><\/p><p><b>Email:<\/b><span style=\"font-weight: 400;\"> info@clinicadolorcoruna.es<\/span><\/p><p><b>Actividad:<\/b><span style=\"font-weight: 400;\"> Tratamiento del dolor en general y del dolor cr\u00f3nico en particular, en el \u00e1mbito de la Anestesiolog\u00eda, Reanimaci\u00f3n y Tratamiento del Dolor.<\/span><\/p><p><b>Condiciones de uso:<\/b><span style=\"font-weight: 400;\">El acceso a clinicadolorcoruna.com implica la aceptaci\u00f3n de estas condiciones generales. Queda prohibido el uso del sitio para fines il\u00edcitos o lesivos. El usuario se compromete a un uso responsable y conforme a la ley.<\/span><\/p><p><b>Medidas de seguridad:<\/b><span style=\"font-weight: 400;\">Los datos personales pueden almacenarse en bases automatizadas. Se garantiza el uso de canales seguros y cifrados (https).<\/span><\/p><p><b>Reclamaciones:<\/b><span style=\"font-weight: 400;\">Puedes solicitar hojas de reclamaci\u00f3n por email a info@clinicadolorcoruna.es o por correo postal. Tambi\u00e9n puedes usar la plataforma de la Comisi\u00f3n Europea: http:\/\/ec.europa.eu\/consumers\/odr\/<\/span><\/p><p><b>Derechos de propiedad intelectual:<\/b><span style=\"font-weight: 400;\">Prohibida la reproducci\u00f3n, distribuci\u00f3n y comunicaci\u00f3n p\u00fablica de los contenidos sin autorizaci\u00f3n.<\/span><\/p><p><b>Enlaces externos y afiliaci\u00f3n:<\/b><span style=\"font-weight: 400;\">Los enlaces a terceros son solo informativos. LA EMPRESA no se hace responsable del contenido externo.<\/span><\/p><p><b>Pol\u00edtica de comentarios:<\/b><span style=\"font-weight: 400;\">No se permiten comentarios ofensivos, an\u00f3nimos o con fines promocionales.<\/span><\/p><p><b>Exclusi\u00f3n de garant\u00edas:<\/b><span style=\"font-weight: 400;\">LA EMPRESA no garantiza el funcionamiento ininterrumpido de la web ni se hace responsable por da\u00f1os derivados de su uso.<\/span><\/p><p><b>Ley aplicable y jurisdicci\u00f3n:<\/b><span style=\"font-weight: 400;\">Normativa espa\u00f1ola. Jurisdicci\u00f3n: Juzgados de A CORU\u00d1A.<\/span><\/p><p><b>Contacto:<\/b><span style=\"font-weight: 400;\">info@clinicadolorcoruna.es<\/span><\/p>\t\t\t\t\t\t\t\t<\/div>\n\t\t\t\t<\/div>\n\t\t\t\t\t<\/div>\n\t\t\t\t<\/div>\n\t\t\t\t<\/div>","protected":false},"excerpt":{"rendered":"<p>Aviso Legal \u00a0\u00daltima actualizaci\u00f3n: 05\/05\/2025 Responsable: UNIDAD DE INTERVENCIONISMO PERCUTANEO &amp; DOLOR CR\u00d3NICO, SLU NIF: B70397583 Direcci\u00f3n: C\/ VIZCAYA, 64, 2\u00ba B, 15007, A CORU\u00d1A Email: info@clinicadolorcoruna.es Actividad: Tratamiento del dolor en general y del dolor cr\u00f3nico en particular, en el \u00e1mbito de la Anestesiolog\u00eda, Reanimaci\u00f3n y Tratamiento del Dolor. Condiciones de uso:El acceso a &hellip; <\/p>\n<p class=\"link-more\"><a href=\"https:\/\/clinicadolorcoruna.es\/en\/aviso-legal\/\" class=\"more-link\">Continue reading<span class=\"screen-reader-text\"> \u00abAviso Legal\u00bb<\/span><\/a><\/p>","protected":false},"author":1,"featured_media":0,"parent":0,"menu_order":0,"comment_status":"closed","ping_status":"closed","template":"elementor_header_footer","meta":{"_joinchat":[],"footnotes":""},"class_list":["post-223","page","type-page","status-publish","hentry"],"_links":{"self":[{"href":"https:\/\/clinicadolorcoruna.es\/en\/wp-json\/wp\/v2\/pages\/223","targetHints":{"allow":["GET"]}}],"collection":[{"href":"https:\/\/clinicadolorcoruna.es\/en\/wp-json\/wp\/v2\/pages"}],"about":[{"href":"https:\/\/clinicadolorcoruna.es\/en\/wp-json\/wp\/v2\/types\/page"}],"author":[{"embeddable":true,"href":"https:\/\/clinicadolorcoruna.es\/en\/wp-json\/wp\/v2\/users\/1"}],"replies":[{"embeddable":true,"href":"https:\/\/clinicadolorcoruna.es\/en\/wp-json\/wp\/v2\/comments?post=223"}],"version-history":[{"count":10,"href":"https:\/\/clinicadolorcoruna.es\/en\/wp-json\/wp\/v2\/pages\/223\/revisions"}],"predecessor-version":[{"id":404,"href":"https:\/\/clinicadolorcoruna.es\/en\/wp-json\/wp\/v2\/pages\/223\/revisions\/404"}],"wp:attachment":[{"href":"https:\/\/clinicadolorcoruna.es\/en\/wp-json\/wp\/v2\/media?parent=223"}],"curies":[{"name":"wp","href":"https:\/\/api.w.org\/{rel}","templated":true}]}}