{"id":229,"date":"2025-06-13T23:51:22","date_gmt":"2025-06-13T23:51:22","guid":{"rendered":"https:\/\/clinicadolorcoruna.es\/?page_id=229"},"modified":"2025-06-16T16:10:40","modified_gmt":"2025-06-16T16:10:40","slug":"blog","status":"publish","type":"page","link":"https:\/\/clinicadolorcoruna.es\/en\/blog\/","title":{"rendered":"Blog"},"content":{"rendered":"<div data-elementor-type=\"wp-page\" data-elementor-id=\"229\" class=\"elementor elementor-229\" data-elementor-post-type=\"page\">\n\t\t\t\t<div class=\"elementor-element elementor-element-39c01b4 e-flex e-con-boxed e-con e-parent\" data-id=\"39c01b4\" data-element_type=\"container\" data-e-type=\"container\" data-settings=\"{&quot;background_background&quot;:&quot;classic&quot;}\">\n\t\t\t\t\t<div class=\"e-con-inner\">\n\t\t\t\t\t<\/div>\n\t\t\t\t<\/div>\n\t\t<div class=\"elementor-element elementor-element-6652fd4 e-flex e-con-boxed e-con e-parent\" data-id=\"6652fd4\" data-element_type=\"container\" data-e-type=\"container\">\n\t\t\t\t\t<div class=\"e-con-inner\">\n\t\t\t\t<div class=\"elementor-element elementor-element-5f379ad elementor-widget elementor-widget-jet-listing-grid\" data-id=\"5f379ad\" data-element_type=\"widget\" data-e-type=\"widget\" data-settings=\"{&quot;columns&quot;:3,&quot;columns_tablet&quot;:&quot;2&quot;,&quot;columns_mobile&quot;:&quot;1&quot;}\" data-widget_type=\"jet-listing-grid.default\">\n\t\t\t\t<div class=\"elementor-widget-container\">\n\t\t\t\t\t<div class=\"jet-listing-grid jet-listing\"><div class=\"jet-listing-grid__items grid-col-desk-3 grid-col-tablet-2 grid-col-mobile-1 jet-listing-grid--267 jet-equal-columns__wrapper\" data-queried-id=\"229|WP_Post\" data-nav=\"{&quot;enabled&quot;:false,&quot;type&quot;:null,&quot;more_el&quot;:null,&quot;query&quot;:[],&quot;widget_settings&quot;:{&quot;lisitng_id&quot;:267,&quot;posts_num&quot;:40,&quot;columns&quot;:3,&quot;columns_tablet&quot;:2,&quot;columns_mobile&quot;:1,&quot;column_min_width&quot;:240,&quot;column_min_width_tablet&quot;:240,&quot;column_min_width_mobile&quot;:240,&quot;inline_columns_css&quot;:false,&quot;is_archive_template&quot;:&quot;&quot;,&quot;post_status&quot;:[&quot;publish&quot;],&quot;use_random_posts_num&quot;:&quot;&quot;,&quot;max_posts_num&quot;:9,&quot;not_found_message&quot;:&quot;No data was found&quot;,&quot;is_masonry&quot;:false,&quot;equal_columns_height&quot;:&quot;yes&quot;,&quot;use_load_more&quot;:&quot;&quot;,&quot;load_more_id&quot;:&quot;&quot;,&quot;load_more_type&quot;:&quot;click&quot;,&quot;load_more_offset&quot;:{&quot;unit&quot;:&quot;px&quot;,&quot;size&quot;:0,&quot;sizes&quot;:[]},&quot;use_custom_post_types&quot;:&quot;&quot;,&quot;custom_post_types&quot;:[],&quot;hide_widget_if&quot;:&quot;&quot;,&quot;carousel_enabled&quot;:&quot;&quot;,&quot;slides_to_scroll&quot;:&quot;1&quot;,&quot;arrows&quot;:&quot;true&quot;,&quot;arrow_icon&quot;:&quot;fa fa-angle-left&quot;,&quot;dots&quot;:&quot;&quot;,&quot;autoplay&quot;:&quot;true&quot;,&quot;pause_on_hover&quot;:&quot;true&quot;,&quot;autoplay_speed&quot;:5000,&quot;infinite&quot;:&quot;true&quot;,&quot;center_mode&quot;:&quot;&quot;,&quot;effect&quot;:&quot;slide&quot;,&quot;speed&quot;:500,&quot;inject_alternative_items&quot;:&quot;&quot;,&quot;injection_items&quot;:[],&quot;scroll_slider_enabled&quot;:&quot;&quot;,&quot;scroll_slider_on&quot;:[&quot;desktop&quot;,&quot;tablet&quot;,&quot;mobile&quot;],&quot;custom_query&quot;:false,&quot;custom_query_id&quot;:&quot;&quot;,&quot;_element_id&quot;:&quot;&quot;,&quot;collapse_first_last_gap&quot;:false,&quot;list_tag_selection&quot;:&quot;&quot;,&quot;list_items_wrapper_tag&quot;:&quot;div&quot;,&quot;list_item_tag&quot;:&quot;div&quot;,&quot;empty_items_wrapper_tag&quot;:&quot;div&quot;}}\" data-page=\"1\" data-pages=\"1\" data-listing-source=\"posts\" data-listing-id=\"267\" data-query-id=\"\"><div class=\"jet-listing-grid__item jet-listing-dynamic-post-607 jet-equal-columns\" data-post-id=\"607\"  ><div class=\"jet-engine-listing-overlay-wrap\" data-url=\"https:\/\/clinicadolorcoruna.es\/en\/fidel-palles-mirave-el-medico-espanol-que-vencio-al-dolor-con-la-primera-anestesia-epidural\/\">\t\t<div data-elementor-type=\"jet-listing-items\" data-elementor-id=\"267\" class=\"elementor elementor-267\" data-elementor-post-type=\"jet-engine\">\n\t\t\t\t<div class=\"elementor-element elementor-element-4b4442b e-flex e-con-boxed e-con e-parent\" data-id=\"4b4442b\" data-element_type=\"container\" data-e-type=\"container\">\n\t\t\t\t\t<div class=\"e-con-inner\">\n\t\t\t\t<div class=\"elementor-element elementor-element-10da947 elementor-widget elementor-widget-image\" data-id=\"10da947\" data-element_type=\"widget\" data-e-type=\"widget\" data-widget_type=\"image.default\">\n\t\t\t\t<div class=\"elementor-widget-container\">\n\t\t\t\t\t\t\t\t\t\t\t\t\t\t\t<img fetchpriority=\"high\" decoding=\"async\" width=\"347\" height=\"244\" src=\"https:\/\/clinicadolorcoruna.es\/wp-content\/uploads\/2025\/08\/234.jpg\" class=\"attachment-full size-full wp-image-610\" alt=\"\" srcset=\"https:\/\/clinicadolorcoruna.es\/wp-content\/uploads\/2025\/08\/234.jpg 347w, https:\/\/clinicadolorcoruna.es\/wp-content\/uploads\/2025\/08\/234-300x211.jpg 300w, https:\/\/clinicadolorcoruna.es\/wp-content\/uploads\/2025\/08\/234-18x12.jpg 18w\" sizes=\"(max-width: 767px) 89vw, (max-width: 1000px) 54vw, (max-width: 1071px) 543px, 580px\" \/>\t\t\t\t\t\t\t\t\t\t\t\t\t\t\t<\/div>\n\t\t\t\t<\/div>\n\t\t<div class=\"elementor-element elementor-element-c3282e7 e-con-full e-flex e-con e-child\" data-id=\"c3282e7\" data-element_type=\"container\" data-e-type=\"container\">\n\t\t\t\t<div class=\"elementor-element elementor-element-eea1309 elementor-widget__width-initial elementor-widget elementor-widget-heading\" data-id=\"eea1309\" data-element_type=\"widget\" data-e-type=\"widget\" data-widget_type=\"heading.default\">\n\t\t\t\t<div class=\"elementor-widget-container\">\n\t\t\t\t\t<h2 class=\"elementor-heading-title elementor-size-default\">Fidel Pall\u00e9s Mirav\u00e9: El M\u00e9dico Espa\u00f1ol que Venci\u00f3 al Dolor con la Primera Anestesia Epidural<\/h2>\t\t\t\t<\/div>\n\t\t\t\t<\/div>\n\t\t\t\t<div class=\"elementor-element elementor-element-47f9201 elementor-align-center elementor-widget__width-initial elementor-widget elementor-widget-button\" data-id=\"47f9201\" data-element_type=\"widget\" data-e-type=\"widget\" data-widget_type=\"button.default\">\n\t\t\t\t<div class=\"elementor-widget-container\">\n\t\t\t\t\t\t\t\t\t<div class=\"elementor-button-wrapper\">\n\t\t\t\t\t<a class=\"elementor-button elementor-button-link elementor-size-sm\" href=\"https:\/\/clinicadolorcoruna.es\/en\/fidel-palles-mirave-el-medico-espanol-que-vencio-al-dolor-con-la-primera-anestesia-epidural\/\">\n\t\t\t\t\t\t<span class=\"elementor-button-content-wrapper\">\n\t\t\t\t\t\t\t\t\t<span class=\"elementor-button-text\">Leer m\u00e1s<\/span>\n\t\t\t\t\t<\/span>\n\t\t\t\t\t<\/a>\n\t\t\t\t<\/div>\n\t\t\t\t\t\t\t\t<\/div>\n\t\t\t\t<\/div>\n\t\t\t\t<\/div>\n\t\t\t\t\t<\/div>\n\t\t\t\t<\/div>\n\t\t\t\t<\/div>\n\t\t<a href=\"https:\/\/clinicadolorcoruna.es\/en\/fidel-palles-mirave-el-medico-espanol-que-vencio-al-dolor-con-la-primera-anestesia-epidural\/\" class=\"jet-engine-listing-overlay-link\"><\/a><\/div><\/div><div class=\"jet-listing-grid__item jet-listing-dynamic-post-594 jet-equal-columns\" data-post-id=\"594\"  ><div class=\"jet-engine-listing-overlay-wrap\" data-url=\"https:\/\/clinicadolorcoruna.es\/en\/dolor-radicular-por-herpes-zoster-tratamiento-con-radiofrecuencia-del-ganglio-de-la-raiz-dorsal-grd\/\">\t\t<div data-elementor-type=\"jet-listing-items\" data-elementor-id=\"267\" class=\"elementor elementor-267\" data-elementor-post-type=\"jet-engine\">\n\t\t\t\t<div class=\"elementor-element elementor-element-4b4442b e-flex e-con-boxed e-con e-parent\" data-id=\"4b4442b\" data-element_type=\"container\" data-e-type=\"container\">\n\t\t\t\t\t<div class=\"e-con-inner\">\n\t\t\t\t<div class=\"elementor-element elementor-element-10da947 elementor-widget elementor-widget-image\" data-id=\"10da947\" data-element_type=\"widget\" data-e-type=\"widget\" data-widget_type=\"image.default\">\n\t\t\t\t<div class=\"elementor-widget-container\">\n\t\t\t\t\t\t\t\t\t\t\t\t\t\t\t<img decoding=\"async\" width=\"347\" height=\"244\" src=\"https:\/\/clinicadolorcoruna.es\/wp-content\/uploads\/2025\/07\/243.jpg\" class=\"attachment-full size-full wp-image-599\" alt=\"\" srcset=\"https:\/\/clinicadolorcoruna.es\/wp-content\/uploads\/2025\/07\/243.jpg 347w, https:\/\/clinicadolorcoruna.es\/wp-content\/uploads\/2025\/07\/243-300x211.jpg 300w, https:\/\/clinicadolorcoruna.es\/wp-content\/uploads\/2025\/07\/243-18x12.jpg 18w\" sizes=\"(max-width: 767px) 89vw, (max-width: 1000px) 54vw, (max-width: 1071px) 543px, 580px\" \/>\t\t\t\t\t\t\t\t\t\t\t\t\t\t\t<\/div>\n\t\t\t\t<\/div>\n\t\t<div class=\"elementor-element elementor-element-c3282e7 e-con-full e-flex e-con e-child\" data-id=\"c3282e7\" data-element_type=\"container\" data-e-type=\"container\">\n\t\t\t\t<div class=\"elementor-element elementor-element-eea1309 elementor-widget__width-initial elementor-widget elementor-widget-heading\" data-id=\"eea1309\" data-element_type=\"widget\" data-e-type=\"widget\" data-widget_type=\"heading.default\">\n\t\t\t\t<div class=\"elementor-widget-container\">\n\t\t\t\t\t<h2 class=\"elementor-heading-title elementor-size-default\">Dolor Radicular por Herpes Z\u00f3ster: Tratamiento con Radiofrecuencia del Ganglio de la Ra\u00edz Dorsal (GRD)<\/h2>\t\t\t\t<\/div>\n\t\t\t\t<\/div>\n\t\t\t\t<div class=\"elementor-element elementor-element-47f9201 elementor-align-center elementor-widget__width-initial elementor-widget elementor-widget-button\" data-id=\"47f9201\" data-element_type=\"widget\" data-e-type=\"widget\" data-widget_type=\"button.default\">\n\t\t\t\t<div class=\"elementor-widget-container\">\n\t\t\t\t\t\t\t\t\t<div class=\"elementor-button-wrapper\">\n\t\t\t\t\t<a class=\"elementor-button elementor-button-link elementor-size-sm\" href=\"https:\/\/clinicadolorcoruna.es\/en\/dolor-radicular-por-herpes-zoster-tratamiento-con-radiofrecuencia-del-ganglio-de-la-raiz-dorsal-grd\/\">\n\t\t\t\t\t\t<span class=\"elementor-button-content-wrapper\">\n\t\t\t\t\t\t\t\t\t<span class=\"elementor-button-text\">Leer m\u00e1s<\/span>\n\t\t\t\t\t<\/span>\n\t\t\t\t\t<\/a>\n\t\t\t\t<\/div>\n\t\t\t\t\t\t\t\t<\/div>\n\t\t\t\t<\/div>\n\t\t\t\t<\/div>\n\t\t\t\t\t<\/div>\n\t\t\t\t<\/div>\n\t\t\t\t<\/div>\n\t\t<a href=\"https:\/\/clinicadolorcoruna.es\/en\/dolor-radicular-por-herpes-zoster-tratamiento-con-radiofrecuencia-del-ganglio-de-la-raiz-dorsal-grd\/\" class=\"jet-engine-listing-overlay-link\"><\/a><\/div><\/div><div class=\"jet-listing-grid__item jet-listing-dynamic-post-259 jet-equal-columns\" data-post-id=\"259\"  ><div class=\"jet-engine-listing-overlay-wrap\" data-url=\"https:\/\/clinicadolorcoruna.es\/en\/resadisc-una-revolucion-en-el-tratamiento-del-dolor-lumbar-cronico\/\">\t\t<div data-elementor-type=\"jet-listing-items\" data-elementor-id=\"267\" class=\"elementor elementor-267\" data-elementor-post-type=\"jet-engine\">\n\t\t\t\t<div class=\"elementor-element elementor-element-4b4442b e-flex e-con-boxed e-con e-parent\" data-id=\"4b4442b\" data-element_type=\"container\" data-e-type=\"container\">\n\t\t\t\t\t<div class=\"e-con-inner\">\n\t\t\t\t<div class=\"elementor-element elementor-element-10da947 elementor-widget elementor-widget-image\" data-id=\"10da947\" data-element_type=\"widget\" data-e-type=\"widget\" data-widget_type=\"image.default\">\n\t\t\t\t<div class=\"elementor-widget-container\">\n\t\t\t\t\t\t\t\t\t\t\t\t\t\t\t<img decoding=\"async\" width=\"390\" height=\"274\" src=\"https:\/\/clinicadolorcoruna.es\/wp-content\/uploads\/2025\/06\/doctor-realizando-investigaciones-medicas-en-laboratorio-1-e1750089709216.jpg\" class=\"attachment-full size-full wp-image-255\" alt=\"\" srcset=\"https:\/\/clinicadolorcoruna.es\/wp-content\/uploads\/2025\/06\/doctor-realizando-investigaciones-medicas-en-laboratorio-1-e1750089709216.jpg 390w, https:\/\/clinicadolorcoruna.es\/wp-content\/uploads\/2025\/06\/doctor-realizando-investigaciones-medicas-en-laboratorio-1-e1750089709216-300x211.jpg 300w\" sizes=\"(max-width: 767px) 89vw, (max-width: 1000px) 54vw, (max-width: 1071px) 543px, 580px\" \/>\t\t\t\t\t\t\t\t\t\t\t\t\t\t\t<\/div>\n\t\t\t\t<\/div>\n\t\t<div class=\"elementor-element elementor-element-c3282e7 e-con-full e-flex e-con e-child\" data-id=\"c3282e7\" data-element_type=\"container\" data-e-type=\"container\">\n\t\t\t\t<div class=\"elementor-element elementor-element-eea1309 elementor-widget__width-initial elementor-widget elementor-widget-heading\" data-id=\"eea1309\" data-element_type=\"widget\" data-e-type=\"widget\" data-widget_type=\"heading.default\">\n\t\t\t\t<div class=\"elementor-widget-container\">\n\t\t\t\t\t<h2 class=\"elementor-heading-title elementor-size-default\">Resadisc: Una Revoluci\u00f3n en el Tratamiento del Dolor Lumbar Cr\u00f3nico<\/h2>\t\t\t\t<\/div>\n\t\t\t\t<\/div>\n\t\t\t\t<div class=\"elementor-element elementor-element-47f9201 elementor-align-center elementor-widget__width-initial elementor-widget elementor-widget-button\" data-id=\"47f9201\" data-element_type=\"widget\" data-e-type=\"widget\" data-widget_type=\"button.default\">\n\t\t\t\t<div class=\"elementor-widget-container\">\n\t\t\t\t\t\t\t\t\t<div class=\"elementor-button-wrapper\">\n\t\t\t\t\t<a class=\"elementor-button elementor-button-link elementor-size-sm\" href=\"https:\/\/clinicadolorcoruna.es\/en\/resadisc-una-revolucion-en-el-tratamiento-del-dolor-lumbar-cronico\/\">\n\t\t\t\t\t\t<span class=\"elementor-button-content-wrapper\">\n\t\t\t\t\t\t\t\t\t<span class=\"elementor-button-text\">Leer m\u00e1s<\/span>\n\t\t\t\t\t<\/span>\n\t\t\t\t\t<\/a>\n\t\t\t\t<\/div>\n\t\t\t\t\t\t\t\t<\/div>\n\t\t\t\t<\/div>\n\t\t\t\t<\/div>\n\t\t\t\t\t<\/div>\n\t\t\t\t<\/div>\n\t\t\t\t<\/div>\n\t\t<a href=\"https:\/\/clinicadolorcoruna.es\/en\/resadisc-una-revolucion-en-el-tratamiento-del-dolor-lumbar-cronico\/\" class=\"jet-engine-listing-overlay-link\"><\/a><\/div><\/div><div class=\"jet-listing-grid__item jet-listing-dynamic-post-252 jet-equal-columns\" data-post-id=\"252\"  ><div class=\"jet-engine-listing-overlay-wrap\" data-url=\"https:\/\/clinicadolorcoruna.es\/en\/sindrome-aip-un-enemigo-silencioso-que-afecta-tu-calidad-de-vida\/\">\t\t<div data-elementor-type=\"jet-listing-items\" data-elementor-id=\"267\" class=\"elementor elementor-267\" data-elementor-post-type=\"jet-engine\">\n\t\t\t\t<div class=\"elementor-element elementor-element-4b4442b e-flex e-con-boxed e-con e-parent\" data-id=\"4b4442b\" data-element_type=\"container\" data-e-type=\"container\">\n\t\t\t\t\t<div class=\"e-con-inner\">\n\t\t\t\t<div class=\"elementor-element elementor-element-10da947 elementor-widget elementor-widget-image\" data-id=\"10da947\" data-element_type=\"widget\" data-e-type=\"widget\" data-widget_type=\"image.default\">\n\t\t\t\t<div class=\"elementor-widget-container\">\n\t\t\t\t\t\t\t\t\t\t\t\t\t\t\t<img loading=\"lazy\" decoding=\"async\" width=\"390\" height=\"277\" src=\"https:\/\/clinicadolorcoruna.es\/wp-content\/uploads\/2025\/06\/dos-medicos-cooperando-mientras-leen-los-documentos-medicos-del-paciente-en-el-hospital-1-e1750089724940.jpg\" class=\"attachment-full size-full wp-image-256\" alt=\"\" srcset=\"https:\/\/clinicadolorcoruna.es\/wp-content\/uploads\/2025\/06\/dos-medicos-cooperando-mientras-leen-los-documentos-medicos-del-paciente-en-el-hospital-1-e1750089724940.jpg 390w, https:\/\/clinicadolorcoruna.es\/wp-content\/uploads\/2025\/06\/dos-medicos-cooperando-mientras-leen-los-documentos-medicos-del-paciente-en-el-hospital-1-e1750089724940-300x213.jpg 300w\" sizes=\"(max-width: 767px) 89vw, (max-width: 1000px) 54vw, (max-width: 1071px) 543px, 580px\" \/>\t\t\t\t\t\t\t\t\t\t\t\t\t\t\t<\/div>\n\t\t\t\t<\/div>\n\t\t<div class=\"elementor-element elementor-element-c3282e7 e-con-full e-flex e-con e-child\" data-id=\"c3282e7\" data-element_type=\"container\" data-e-type=\"container\">\n\t\t\t\t<div class=\"elementor-element elementor-element-eea1309 elementor-widget__width-initial elementor-widget elementor-widget-heading\" data-id=\"eea1309\" data-element_type=\"widget\" data-e-type=\"widget\" data-widget_type=\"heading.default\">\n\t\t\t\t<div class=\"elementor-widget-container\">\n\t\t\t\t\t<h2 class=\"elementor-heading-title elementor-size-default\">S\u00edndrome AIP: Un Enemigo Silencioso que Afecta tu Calidad de Vida<\/h2>\t\t\t\t<\/div>\n\t\t\t\t<\/div>\n\t\t\t\t<div class=\"elementor-element elementor-element-47f9201 elementor-align-center elementor-widget__width-initial elementor-widget elementor-widget-button\" data-id=\"47f9201\" data-element_type=\"widget\" data-e-type=\"widget\" data-widget_type=\"button.default\">\n\t\t\t\t<div class=\"elementor-widget-container\">\n\t\t\t\t\t\t\t\t\t<div class=\"elementor-button-wrapper\">\n\t\t\t\t\t<a class=\"elementor-button elementor-button-link elementor-size-sm\" href=\"https:\/\/clinicadolorcoruna.es\/en\/sindrome-aip-un-enemigo-silencioso-que-afecta-tu-calidad-de-vida\/\">\n\t\t\t\t\t\t<span class=\"elementor-button-content-wrapper\">\n\t\t\t\t\t\t\t\t\t<span class=\"elementor-button-text\">Leer m\u00e1s<\/span>\n\t\t\t\t\t<\/span>\n\t\t\t\t\t<\/a>\n\t\t\t\t<\/div>\n\t\t\t\t\t\t\t\t<\/div>\n\t\t\t\t<\/div>\n\t\t\t\t<\/div>\n\t\t\t\t\t<\/div>\n\t\t\t\t<\/div>\n\t\t\t\t<\/div>\n\t\t<a href=\"https:\/\/clinicadolorcoruna.es\/en\/sindrome-aip-un-enemigo-silencioso-que-afecta-tu-calidad-de-vida\/\" class=\"jet-engine-listing-overlay-link\"><\/a><\/div><\/div><\/div><\/div>\t\t\t\t<\/div>\n\t\t\t\t<\/div>\n\t\t\t\t\t<\/div>\n\t\t\t\t<\/div>\n\t\t\t\t<\/div>","protected":false},"excerpt":{"rendered":"<p>Leer m\u00e1s Leer m\u00e1s Leer m\u00e1s<\/p>","protected":false},"author":1,"featured_media":0,"parent":0,"menu_order":0,"comment_status":"closed","ping_status":"closed","template":"elementor_header_footer","meta":{"_joinchat":[],"footnotes":""},"class_list":["post-229","page","type-page","status-publish","hentry"],"_links":{"self":[{"href":"https:\/\/clinicadolorcoruna.es\/en\/wp-json\/wp\/v2\/pages\/229","targetHints":{"allow":["GET"]}}],"collection":[{"href":"https:\/\/clinicadolorcoruna.es\/en\/wp-json\/wp\/v2\/pages"}],"about":[{"href":"https:\/\/clinicadolorcoruna.es\/en\/wp-json\/wp\/v2\/types\/page"}],"author":[{"embeddable":true,"href":"https:\/\/clinicadolorcoruna.es\/en\/wp-json\/wp\/v2\/users\/1"}],"replies":[{"embeddable":true,"href":"https:\/\/clinicadolorcoruna.es\/en\/wp-json\/wp\/v2\/comments?post=229"}],"version-history":[{"count":10,"href":"https:\/\/clinicadolorcoruna.es\/en\/wp-json\/wp\/v2\/pages\/229\/revisions"}],"predecessor-version":[{"id":276,"href":"https:\/\/clinicadolorcoruna.es\/en\/wp-json\/wp\/v2\/pages\/229\/revisions\/276"}],"wp:attachment":[{"href":"https:\/\/clinicadolorcoruna.es\/en\/wp-json\/wp\/v2\/media?parent=229"}],"curies":[{"name":"wp","href":"https:\/\/api.w.org\/{rel}","templated":true}]}}